{"id":42,"date":"2019-04-19T13:37:13","date_gmt":"2019-04-19T13:37:13","guid":{"rendered":"http:\/\/www.fuocovolcano.ch\/?page_id=42"},"modified":"2019-08-18T20:37:48","modified_gmt":"2019-08-18T20:37:48","slug":"disclaimer-datenschutzerklaerung","status":"publish","type":"page","link":"https:\/\/www.fuocovolcano.ch\/?page_id=42","title":{"rendered":"Disclaimer &#038; Datenschutzerkl\u00e4rung"},"content":{"rendered":"\n<h2 class=\"wp-block-heading\">Inhalt des Internetauftritts<\/h2>\n\n\n\n<p>Die Ofenwerkstatt Edy Spiller,\nnachfolgend \u201eAutor\u201c, \u00fcbernimmt keinerlei Gew\u00e4hr f\u00fcr die\nAktualit\u00e4t, Korrektheit, Vollst\u00e4ndigkeit oder Qualit\u00e4t der auf\nihrem Internetauftritt <a href=\"https:\/\/www.honigfunk.ch\/\">www.fuocovolcano.ch<\/a>,\nnachfolgend \u201ediese(n) Webseite(n)\u201c, bereitgestellten\nInformationen. Haftungsanspr\u00fcche gegen den Autor, welche sich auf\nSch\u00e4den materieller oder ideeller Art beziehen, die durch die\nNutzung oder Nichtnutzung der dargebotenen Informationen bzw. durch\ndie Nutzung fehlerhafter und unvollst\u00e4ndiger Informationen\nverursacht wurden, sind grunds\u00e4tzlich ausgeschlossen, sofern seitens\ndes Autors kein nachweislich vors\u00e4tzliches oder grob fahrl\u00e4ssiges\nVerschulden vorliegt.<\/p>\n\n\n\n<p>Alle Angebote sind freibleibend und unverbindlich. Der Autor beh\u00e4lt es sich ausdr\u00fccklich vor, Teile dieser Webseiten oder das gesamte Angebot ohne gesonderte Ank\u00fcndigung zu ver\u00e4ndern, zu erg\u00e4nzen, zu l\u00f6schen oder die Ver\u00f6ffentlichung zeitweise oder endg\u00fcltig einzustellen.<\/p>\n\n\n\n<h2 class=\"wp-block-heading\">Urheber- und Kennzeichnungsrecht<\/h2>\n\n\n\n<p>Der Autor ist bestrebt, in allen Publikationen die Urheberrechte\nder verwendeten Bilder, Grafiken, Tondokumente, Videosequenzen und\nTexte zu beachten, von ihm selbst erstellte Bilder, Grafiken,\nTondokumente, Videosequenzen und Texte zu nutzen oder auf lizenzfreie\nGrafiken, Tondokumente, Videosequenzen und Texte zur\u00fcckzugreifen.<\/p>\n\n\n\n<p>Alle innerhalb dieser Webseiten genannten und ggf. durch Dritte\ngesch\u00fctzten Marken- und Warenzeichen unterliegen uneingeschr\u00e4nkt\nden Bestimmungen des jeweils g\u00fcltigen Kennzeichenrechts und den\nBesitzrechten der jeweiligen eingetragenen Eigent\u00fcmer. Allein\naufgrund der blossen Nennung ist nicht der Schluss zu ziehen, dass\nMarkenzeichen nicht durch Rechte Dritter gesch\u00fctzt sind.<\/p>\n\n\n\n<p>Das Copyright f\u00fcr ver\u00f6ffentlichte, vom Autor selbst erstellte\nObjekte bleibt allein beim Autor der Seiten. Eine Vervielf\u00e4ltigung\noder Verwendung solcher Grafiken, Tondokumente, Videosequenzen und\nTexte in anderen elektronischen oder gedruckten Publikationen ist\nohne ausdr\u00fcckliche Zustimmung des Autors nicht gestattet.<\/p>\n\n\n\n<h2 class=\"wp-block-heading\">Rechtswirksamkeit dieses Haftungsausschlusses<\/h2>\n\n\n\n<p>Dieser Haftungsausschluss ist als Teil des Internetauftritts des Autors zu betrachten, von dem aus auf diese Seite verwiesen wurde. Sofern Teile oder einzelne Formulierungen dieses Textes der geltenden Rechtslage nicht, nicht mehr oder nicht vollst\u00e4ndig entsprechen sollten, bleiben die \u00fcbrigen Teile des Dokumentes in ihrem Inhalt und ihrer G\u00fcltigkeit davon unber\u00fchrt.<\/p>\n\n\n\n<h2 class=\"wp-block-heading\">Datenschutz<\/h2>\n\n\n\n<p>Der Autor h\u00e4lt sich bei der Erhebung und Bearbeitung der\nBenutzerdaten an die gesetzlichen Datenschutzbestimmungen und bewahrt\nDaten nur soweit und solange auf, als dies notwendig und gesetzlich\nerlaubt ist. Pers\u00f6nliche Daten werden streng vertraulich behandelt\nund nicht an Dritte verkauft oder weitergegeben.<\/p>\n\n\n\n<p>Beim Zugriff auf diese Webseiten werden folgende Daten in Logfiles\ngespeichert: IP-Adresse, Datum, Uhrzeit, Browser-Anfrage und allg.\n\u00fcbertragene Informationen zum Betriebssystem resp. Browser. Diese\nNutzungsdaten bilden die Basis f\u00fcr anonyme statistische\nAuswertungen, so dass Trends erkennbar sind, anhand derer der Autor\nseine Angebote entsprechend verbessern kann. Diese Daten erlauben\nkeinen R\u00fcckschluss auf die Person.<\/p>\n\n\n\n<p>Wenn ein Benutzer auf diese Webseiten zugreift, werden seine Daten\nanonymisiert und mit Hilfe eines Cookies gespeichert. Diese Cookies\nenthalten keine personenbezogenen Daten, sondern dienen\nausschliesslich der Aufrechterhaltung der Funktionen der Website. Zur\nVermeidung von Missbrauch und zur Betrugsvorbeugung ist der Autor\nberechtigt, IP-Adressen von Benutzern dieser Webseiten zu speichern.<\/p>\n\n\n\n<p>Wir sichern diese Webseiten, Datenbanken und sonstigen Systeme\ndurch technische und organisatorische Massnahmen gegen Verlust,\nZerst\u00f6rung, Zugriff, Ver\u00e4nderung oder Verbreitung der Benutzerdaten\ndurch unbefugte Personen. Die personenbezogenen Daten werden im\nBestellprozess verschl\u00fcsselt \u00fcber das Internet \u00fcbertragen.<\/p>\n\n\n\n<p>Benutzer haben das Recht auf unentgeltliche Auskunft \u00fcber ihre\ngespeicherten Daten sowie ggf. ein Recht auf Berichtigung, Sperrung\noder L\u00f6schung dieser Daten. Fragen zur Erhebung, Verarbeitung oder\nNutzung von personenbezogenen Daten, Ausk\u00fcnfte, Berichtigung,\nSperrung oder L\u00f6schung von Daten sowie Widerruf erteilter\nEinwilligungen werden per E-Mail entgegengenommen:\n<a href=\"mailto:info@fuocovolcano.ch\">info@fuocovolcano.ch<\/a>.<\/p>\n\n\n\n<p>Sofern innerhalb dieser Webseiten die M\u00f6glichkeit zur Eingabe\npers\u00f6nlicher oder gesch\u00e4ftlicher Daten (E-Mail-Adressen, Namen,\nAnschriften) besteht, so erfolgt die Preisgabe dieser Daten seitens\ndes Nutzers auf ausdr\u00fccklich freiwilliger Basis. Die Inanspruchnahme\nund Bezahlung aller angebotenen Dienste ist \u2013 soweit technisch\nm\u00f6glich und zumutbar \u2013 auch ohne Angabe solcher Daten bzw. unter\nAngabe anonymisierter Daten oder eines Pseudonyms gestattet. Die\nNutzung der im Rahmen des Impressums oder vergleichbarer Angaben\nver\u00f6ffentlichten Kontaktdaten wie Postanschriften, Telefonnummern\nsowie E-Mail-Adressen durch Dritte zur \u00dcbersendung von nicht\nausdr\u00fccklich angeforderten Informationen ist nicht gestattet.\nRechtliche Schritte gegen die Versender von sogenannten Spam-Mails\nbei Verst\u00f6ssen gegen dieses Verbot sind ausdr\u00fccklich vorbehalten.<\/p>\n\n\n\n<p>Wenn Besucher Kommentare oder Produktbewertungen auf diesen Webseiten schreiben, sammelt der Autor die Daten, die im Kommentar-Formular angezeigt werden, ausserdem die IP-Adresse des Besuchers und den User-Agent-String (damit wird der Browser identifiziert), um die Erkennung von Spam zu unterst\u00fctzen.<\/p>\n\n\n\n<h2 class=\"wp-block-heading\">Datennutzung<\/h2>\n\n\n\n<p>Beitr\u00e4ge auf dieser Website k\u00f6nnen eingebettete Inhalte beinhalten (z.&nbsp;B. Videos, Bilder, Beitr\u00e4ge etc.). Eingebettete Inhalte von anderen Websites verhalten sich exakt so, als ob der Besucher die andere Website besucht h\u00e4tte.<\/p>\n\n\n\n<p>Der Benutzer erkl\u00e4rt sich mit den nachfolgenden Regeln zur\nVerwendung seiner pers\u00f6nlichen Informationen einverstanden:<\/p>\n\n\n\n<p>Der Autor speichert pers\u00f6nliche Informationen der Benutzer\n(insbesondere Kontaktdaten wie Name, Vorname, E-Mail-Adresse,\nAdresse, Telefonnummer), um das Funktionieren der Auftragsabwicklung\nzu erm\u00f6glichen. Diese Informationen entstehen durch Angaben des\nBenutzers sowie durch die Nutzung der angebotenen Dienste.\nInformationen per E-Mail versendet der Autor nur auf ausdr\u00fccklichen\nWunsch des Benutzers. Der Benutzer ist in diesem Falle einverstanden,\ndass der Autor seine Kontaktdaten verwendet, um ihn \u00fcber unsere\nDienstleistungen und Angebote zu informieren. Der Benutzer kann diese\nInformation jederzeit abbestellen oder seine Kontaktdaten l\u00f6schen\nlassen. Der Benutzer ist einverstanden, dass der Autor die erhobenen\nDaten an den jeweiligen e-Payment-Dienstleister weitergibt, soweit\ndies zur Abrechnung entgeltpflichtiger Leistungen erforderlich ist.<\/p>\n\n\n\n<h2 class=\"wp-block-heading\">Verwendung Bestelldaten<\/h2>\n\n\n\n<p>T\u00e4tigt der Benutzer eine Bestellung \u00fcber diese Webseiten, erhebt\nder Autor die f\u00fcr die Auftragsabwicklung notwendigen Daten wie Name,\nAdresse, E-Mail-Adresse, Telefonnummer, Zahlungsmittel, Warenkorb,\nVersandart, Browser und allenfalls Gutscheine und Lieferadresse. Die\nerhobenen Daten werden vertraulich behandelt und nur im Rahmen der\nAuftragsabwicklung und soweit notwendig an Dritte weitergegeben. Der\nAutor speichert die Informationen \u00fcblicherweise so lange, wie er sie\nf\u00fcr den Zweck der Erfassung und Nutzung ben\u00f6tigt und verpflichtet\nist, sie zu speichern. Beispielsweise werden die Bestellinformationen\naus Steuergr\u00fcnden f\u00fcr 10 Jahre gespeichert. Zu den\nBestellinformationen geh\u00f6ren Name, E-Mail-Adresse, Telefonnummer\nsowie Rechnungs- und Versandadresse.<\/p>\n\n\n\n<h2 class=\"wp-block-heading\">Diese Daten werden durch den Autor geteilt<\/h2>\n\n\n\n<p>Diese Webseiten werden bei Metanet gehostet. Damit Metanet ihre Dienstleistungen zuverl\u00e4ssig, technisch einwandfrei und auch gesetzeskonform erbringen zu kann, legt Metanet sogenannte Logfiles an. Weitere Informationen \u00fcber Daten, die Metanet verarbeitet, wenn du diese Webseite besuchst, findest du unter <a rel=\"noreferrer noopener\" href=\"https:\/\/www.metanet.ch\/\" target=\"_blank\">www.metanet.ch<\/a>.<\/p>\n\n\n\n<h2 class=\"wp-block-heading\">Eingebettete Inhalte von anderen Webseiten<\/h2>\n\n\n\n<p>Beitr\u00e4ge auf dieser Webseite k\u00f6nnen eingebettete Inhalte von\nDrittanbietern, nachfolgend \u201eandere Webseite(n)\u201c, beinhalten (z.\nB. Videos, Bilder, Beitr\u00e4ge etc.). Eingebettete Inhalte von anderen\nWebseiten verhalten sich exakt so, als ob der Besucher die andere\nWebseite besucht h\u00e4tte.<\/p>\n\n\n\n<p>Andere Webseiten k\u00f6nnen Daten \u00fcber Sie sammeln, Cookies\nbenutzen, zus\u00e4tzliche Tracking-Dienste von Dritten einbetten und\ndeine Interaktion mit diesem eingebetteten Inhalt aufzeichnen.<\/p>\n\n\n\n<h2 class=\"wp-block-heading\">Verweise und Links<\/h2>\n\n\n\n<p>Bei direkten oder indirekten Verweisen, nachfolgend \u201eLinks\u201c\noder \u201eLinksetzung\u201c oder \u201eVerlinkung\u201c, auf andere Webseiten,\ndie ausserhalb des Verantwortungsbereiches des Autors liegen, w\u00fcrde\neine Haftungsverpflichtung ausschliesslich in dem Fall in Kraft\ntreten, in dem der Autor von den Inhalten Kenntnis hat und es ihm\ntechnisch m\u00f6glich und zumutbar w\u00e4re, die Nutzung im Falle\nrechtswidriger Inhalte zu verhindern.<\/p>\n\n\n\n<p>Der Autor erkl\u00e4rt hiermit ausdr\u00fccklich, dass zum Zeitpunkt der\nLinksetzung keine illegalen Inhalte auf den zu verlinkenden Seiten\nerkennbar waren. Auf die aktuelle und zuk\u00fcnftige Gestaltung, die\nInhalte oder die Urheberschaft der verlinkten Seiten hat der Autor\nkeinerlei Einfluss. Deshalb distanziert er sich hiermit ausdr\u00fccklich\nvon allen Inhalten aller verlinkten Seiten, die nach der Linksetzung\nver\u00e4ndert wurden. Diese Feststellung gilt f\u00fcr alle innerhalb dieser\nWebseiten gesetzten Links und Verweise sowie f\u00fcr Fremdeintr\u00e4ge in\nvom Autor eingerichteten G\u00e4steb\u00fcchern, Diskussionsforen,\nLinkverzeichnissen, Mailinglisten und in allen anderen Formen von\nDatenbanken, auf deren Inhalt externe Schreibzugriffe m\u00f6glich sind.\nF\u00fcr illegale, fehlerhafte oder unvollst\u00e4ndige Inhalte und\ninsbesondere f\u00fcr Sch\u00e4den, die aus der Nutzung oder Nichtnutzung\nsolcherart dargebotener Informationen entstehen, haftet allein der\nAnbieter der Seite, auf welche verwiesen wurde, nicht derjenige, der\n\u00fcber Links auf die jeweilige Ver\u00f6ffentlichung lediglich verweist.<\/p>\n\n\n\n<p>Giswil, 01. August 2019<\/p>\n\n\n\n<p>Edy Spiller<\/p>\n\n\n\n<p><\/p>\n","protected":false},"excerpt":{"rendered":"<p>Inhalt des Internetauftritts Die Ofenwerkstatt Edy Spiller, nachfolgend \u201eAutor\u201c, \u00fcbernimmt keinerlei Gew\u00e4hr f\u00fcr die Aktualit\u00e4t, Korrektheit, Vollst\u00e4ndigkeit oder Qualit\u00e4t der auf ihrem Internetauftritt www.fuocovolcano.ch, nachfolgend \u201ediese(n) Webseite(n)\u201c, bereitgestellten Informationen. Haftungsanspr\u00fcche gegen den Autor, welche sich auf Sch\u00e4den materieller oder ideeller Art beziehen, die durch die Nutzung oder Nichtnutzung der dargebotenen Informationen bzw. durch die Nutzung &hellip; <\/p>\n<p class=\"link-more\"><a href=\"https:\/\/www.fuocovolcano.ch\/?page_id=42\" class=\"more-link\"><span class=\"screen-reader-text\">\u201eDisclaimer &#038; Datenschutzerkl\u00e4rung\u201c<\/span> weiterlesen<\/a><\/p>\n","protected":false},"author":2,"featured_media":0,"parent":0,"menu_order":-1,"comment_status":"closed","ping_status":"closed","template":"","meta":{"footnotes":""},"aioseo_notices":[],"_links":{"self":[{"href":"https:\/\/www.fuocovolcano.ch\/index.php?rest_route=\/wp\/v2\/pages\/42"}],"collection":[{"href":"https:\/\/www.fuocovolcano.ch\/index.php?rest_route=\/wp\/v2\/pages"}],"about":[{"href":"https:\/\/www.fuocovolcano.ch\/index.php?rest_route=\/wp\/v2\/types\/page"}],"author":[{"embeddable":true,"href":"https:\/\/www.fuocovolcano.ch\/index.php?rest_route=\/wp\/v2\/users\/2"}],"replies":[{"embeddable":true,"href":"https:\/\/www.fuocovolcano.ch\/index.php?rest_route=%2Fwp%2Fv2%2Fcomments&post=42"}],"version-history":[{"count":6,"href":"https:\/\/www.fuocovolcano.ch\/index.php?rest_route=\/wp\/v2\/pages\/42\/revisions"}],"predecessor-version":[{"id":83,"href":"https:\/\/www.fuocovolcano.ch\/index.php?rest_route=\/wp\/v2\/pages\/42\/revisions\/83"}],"wp:attachment":[{"href":"https:\/\/www.fuocovolcano.ch\/index.php?rest_route=%2Fwp%2Fv2%2Fmedia&parent=42"}],"curies":[{"name":"wp","href":"https:\/\/api.w.org\/{rel}","templated":true}]}}